{"id":101,"date":"2017-09-01T16:29:36","date_gmt":"2017-09-01T16:29:36","guid":{"rendered":"https:\/\/www.isacaraujo.com\/?page_id=101"},"modified":"2025-04-30T01:03:09","modified_gmt":"2025-04-30T01:03:09","slug":"curriculo","status":"publish","type":"page","link":"https:\/\/www.isacaraujo.com\/en\/curriculo\/","title":{"rendered":"Resume"},"content":{"rendered":"<p>If you \u201cneed\u201d an opinion for: <\/p>\n\n\n\n<p><strong>Visual Identity<br>Editorial design and publications<br>Art direction<br>Website development and responsive design<br>3D infographics<\/strong><br><br>You're thinking correctly.<\/p>\n\n\n\n<h1 class=\"wp-block-heading\">Contact<\/h1>\n\n\n\n<p>Isac Ara\u00fajo<br>Povoa de Varzim, Portugal<br>isacaraujo@gmail.com<\/p>","protected":false},"excerpt":{"rendered":"<p>Se &#8220;precisares&#8221; de uma opini\u00e3o para: Identidade VisualDesign editorial e publica\u00e7\u00f5esDire\u00e7\u00e3o de arteDesenvolvimento de websites e responsive designInfografia 3D Est\u00e1s a pensar bem. Contacto Isac Ara\u00fajoPovoa de Varzim, Portugalisacaraujo@gmail.com<\/p>","protected":false},"author":1,"featured_media":0,"parent":0,"menu_order":0,"comment_status":"closed","ping_status":"closed","template":"resume-page-template.php","meta":{"footnotes":""},"class_list":["post-101","page","type-page","status-publish","hentry","missing-thumbnail"],"_links":{"self":[{"href":"https:\/\/www.isacaraujo.com\/en\/wp-json\/wp\/v2\/pages\/101","targetHints":{"allow":["GET"]}}],"collection":[{"href":"https:\/\/www.isacaraujo.com\/en\/wp-json\/wp\/v2\/pages"}],"about":[{"href":"https:\/\/www.isacaraujo.com\/en\/wp-json\/wp\/v2\/types\/page"}],"author":[{"embeddable":true,"href":"https:\/\/www.isacaraujo.com\/en\/wp-json\/wp\/v2\/users\/1"}],"replies":[{"embeddable":true,"href":"https:\/\/www.isacaraujo.com\/en\/wp-json\/wp\/v2\/comments?post=101"}],"version-history":[{"count":0,"href":"https:\/\/www.isacaraujo.com\/en\/wp-json\/wp\/v2\/pages\/101\/revisions"}],"wp:attachment":[{"href":"https:\/\/www.isacaraujo.com\/en\/wp-json\/wp\/v2\/media?parent=101"}],"curies":[{"name":"wp","href":"https:\/\/api.w.org\/{rel}","templated":true}]}}